{"id":6378,"date":"2025-09-15T08:57:32","date_gmt":"2025-09-15T06:57:32","guid":{"rendered":"https:\/\/kuechen-woesten.de\/?page_id=6378"},"modified":"2025-09-15T09:00:48","modified_gmt":"2025-09-15T07:00:48","slug":"agb","status":"publish","type":"page","link":"https:\/\/kuechen-woesten.de\/nl\/agb\/","title":{"rendered":"AGB"},"content":{"rendered":"\t\t<div data-elementor-type=\"wp-page\" data-elementor-id=\"6378\" class=\"elementor elementor-6378\" data-elementor-post-type=\"page\">\n\t\t\t\t\t\t<section class=\"ob-is-breaking-bad elementor-section elementor-top-section elementor-element elementor-element-d8e79a3 elementor-section-boxed elementor-section-height-default elementor-section-height-default\" data-id=\"d8e79a3\" data-element_type=\"section\" data-e-type=\"section\" data-settings=\"{&quot;jet_parallax_layout_list&quot;:[{&quot;jet_parallax_layout_image&quot;:{&quot;url&quot;:&quot;&quot;,&quot;id&quot;:&quot;&quot;,&quot;size&quot;:&quot;&quot;},&quot;_id&quot;:&quot;7ca98c1&quot;,&quot;jet_parallax_layout_image_tablet_extra&quot;:{&quot;url&quot;:&quot;&quot;,&quot;id&quot;:&quot;&quot;,&quot;size&quot;:&quot;&quot;},&quot;jet_parallax_layout_image_tablet&quot;:{&quot;url&quot;:&quot;&quot;,&quot;id&quot;:&quot;&quot;,&quot;size&quot;:&quot;&quot;},&quot;jet_parallax_layout_image_mobile&quot;:{&quot;url&quot;:&quot;&quot;,&quot;id&quot;:&quot;&quot;,&quot;size&quot;:&quot;&quot;},&quot;jet_parallax_layout_speed&quot;:{&quot;unit&quot;:&quot;%&quot;,&quot;size&quot;:50,&quot;sizes&quot;:[]},&quot;jet_parallax_layout_type&quot;:&quot;scroll&quot;,&quot;jet_parallax_layout_direction&quot;:&quot;1&quot;,&quot;jet_parallax_layout_fx_direction&quot;:null,&quot;jet_parallax_layout_z_index&quot;:&quot;&quot;,&quot;jet_parallax_layout_bg_x&quot;:50,&quot;jet_parallax_layout_bg_x_tablet_extra&quot;:&quot;&quot;,&quot;jet_parallax_layout_bg_x_tablet&quot;:&quot;&quot;,&quot;jet_parallax_layout_bg_x_mobile&quot;:&quot;&quot;,&quot;jet_parallax_layout_bg_y&quot;:50,&quot;jet_parallax_layout_bg_y_tablet_extra&quot;:&quot;&quot;,&quot;jet_parallax_layout_bg_y_tablet&quot;:&quot;&quot;,&quot;jet_parallax_layout_bg_y_mobile&quot;:&quot;&quot;,&quot;jet_parallax_layout_bg_size&quot;:&quot;auto&quot;,&quot;jet_parallax_layout_bg_size_tablet_extra&quot;:&quot;&quot;,&quot;jet_parallax_layout_bg_size_tablet&quot;:&quot;&quot;,&quot;jet_parallax_layout_bg_size_mobile&quot;:&quot;&quot;,&quot;jet_parallax_layout_animation_prop&quot;:&quot;transform&quot;,&quot;jet_parallax_layout_on&quot;:[&quot;desktop&quot;,&quot;tablet&quot;]}],&quot;_ob_bbad_use_it&quot;:&quot;yes&quot;,&quot;_ob_bbad_sssic_use&quot;:&quot;no&quot;,&quot;_ob_glider_is_slider&quot;:&quot;no&quot;}\">\n\t\t\t\t\t\t<div class=\"elementor-container elementor-column-gap-no\">\n\t\t\t\t\t<div class=\"elementor-column elementor-col-100 elementor-top-column elementor-element elementor-element-8454a4c\" data-id=\"8454a4c\" data-element_type=\"column\" data-e-type=\"column\" data-settings=\"{&quot;_ob_bbad_is_stalker&quot;:&quot;no&quot;,&quot;_ob_teleporter_use&quot;:false,&quot;_ob_column_hoveranimator&quot;:&quot;no&quot;,&quot;_ob_column_has_pseudo&quot;:&quot;no&quot;}\">\n\t\t\t<div class=\"elementor-widget-wrap elementor-element-populated\">\n\t\t\t\t\t\t<div class=\"elementor-element elementor-element-182093d ob-harakiri-inherit ob-has-background-overlay elementor-widget elementor-widget-text-editor\" data-id=\"182093d\" data-element_type=\"widget\" data-e-type=\"widget\" data-settings=\"{&quot;_ob_use_harakiri&quot;:&quot;yes&quot;,&quot;_ob_harakiri_writing_mode&quot;:&quot;inherit&quot;,&quot;_ob_postman_use&quot;:&quot;no&quot;,&quot;_ob_perspektive_use&quot;:&quot;no&quot;,&quot;_ob_poopart_use&quot;:&quot;yes&quot;,&quot;_ob_shadough_use&quot;:&quot;no&quot;,&quot;_ob_allow_hoveranimator&quot;:&quot;no&quot;,&quot;_ob_widget_stalker_use&quot;:&quot;no&quot;}\" data-widget_type=\"text-editor.default\">\n\t\t\t\t<div class=\"elementor-widget-container\">\n\t\t\t\t\t\t\t\t\t<h2><b><span data-contrast=\"auto\">Allgemeine Gesch\u00e4ftsbedingungen<\/span><\/b><\/h2>\n<p>der W\u00f6sten K\u00fcchendiele GmbH &amp; Co. KG<br \/>Boschstr. 4, 49733 Haren<\/p>\n<p><br \/><strong>\u00a7 1 Geltung<\/strong><br \/>Unsere Lieferungen, Leistungen und Angebote erfolgen ausschlie\u00dflich aufgrund dieser Allgemeinen Gesch\u00e4ftsbedingungen. Diese sind Bestandteil aller Vertr\u00e4ge, die wir mit unseren Kunden \u00fcber die von uns angebotenen Waren schlie\u00dfen. Unser Verkaufspersonal ist nicht berechtigt, m\u00fcndliche Vereinbarungen mit Kunden im Zusammenhang mit dem Vertrag zu treffen, die von dem Bestellformular oder diesen Allgemeinen Gesch\u00e4ftsbedingungen abweichen.<\/p>\n<p><br \/><strong>\u00a7 2 Angebot und Vertragsabschluss<\/strong><br \/>In Prospekten, Anzeigen und anderem Werbematerial enthaltene Angebote und Preisangaben sind freibleibend und unverbindlich. Mit der Bestellung der Ware gibt der Kunde ein verbindliches Vertragsangebot ab, an das er drei Wochen ab Abgabe der Bestellung gebunden ist. Die Annahme durch die W\u00f6sten K\u00fcchendiele GmbH &amp; Co. KG erfolgt entweder schriftlich (z. B. durch Auftragsbest\u00e4tigung), durch Annahme von Vorauszahlungen auf den Kaufpreis oder durch Zustellung der bestellten Ware. Das Vertragsangebot gilt ebenfalls als angenommen, wenn wir vor Ablauf der Dreiwochenfrist das Vertragsangebot nicht schriftlich abgelehnt haben.<\/p>\n<p><br \/><strong>\u00a7 3 Preise und Zahlung<\/strong><br \/>Zahlungsmodalit\u00e4ten (z. B. Anzahlungen, F\u00e4lligkeit, Ratenzahlungen) werden individuell vereinbart und sind der Auftragsbest\u00e4tigung zu entnehmen.<\/p>\n<p><br \/><strong>\u00a7 4 Produktmerkmale \/ Abweichungen<\/strong><br \/>Geringf\u00fcgige, handels\u00fcbliche Abweichungen von Mustern, Ausstellungsst\u00fccken und Abbildungen bleiben vorbehalten. Dies gilt insbesondere f\u00fcr Naturprodukte (z. B. Holz- oder Keramikoberfl\u00e4chen), sowie f\u00fcr Leder und Textilien (z. B. M\u00f6bel- und Dekorationsstoffe), insbesondere im Farbton, und f\u00fcr Ma\u00dfabweichungen.<\/p>\n<p><br \/><strong>Erg\u00e4nzung zu \u00a7 4 Produktmerkmale\/Abweichungen<\/strong><br \/>Sollten sich nach dem Aufma\u00df Abweichungen zum urspr\u00fcnglich \u00fcbermittelten Grundriss ergeben, behalten wir uns das Recht vor, geringf\u00fcgige Anpassungen an der K\u00fcchenplanung vorzunehmen, soweit diese die betroffenen M\u00f6belteile betreffen und zur fachgerechten Umsetzung erforderlich sind.<\/p>\n<p><br \/><strong>\u00a7 5 Montage<\/strong><br \/>Sofern Montageleistungen vereinbart wurden, sind uns die R\u00e4umlichkeiten, in denen die Montage erfolgen soll, frei von beeinflussenden Hindernissen und &#8211; sofern eine Decken- oder Wandbefestigung gew\u00fcnscht ist &#8211; mit tragf\u00e4higen Decken bzw. W\u00e4nden zur Verf\u00fcgung zu stellen. Unser Team ist nicht befugt, Arbeiten auszuf\u00fchren, die \u00fcber die vertraglich vereinbarten Leistungen hinausgehen. Werden solche Arbeiten dennoch ausgef\u00fchrt, \u00fcbernehmen wir hierf\u00fcr keine Haftung.<\/p>\n<p><br \/><strong>\u00a7 6 Lieferbedingungen \/ Annahmeverzug \/ Gefahr\u00fcbergang<\/strong><br \/>Lieferfristen und -termine sind unverbindlich, sofern nicht ausdr\u00fccklich feste Termine vereinbart wurden. In F\u00e4llen h\u00f6herer Gewalt ruht das Vertragsverh\u00e4ltnis. Die Lieferung erfolgt an die<br \/>angegebene Lieferanschrift. Bei Annahmeverzug behalten wir uns vor, entstandene Kosten geltend zu machen.<\/p>\n<p><br \/><strong>Erg\u00e4nzung zu \u00a7 6 Lieferbedingungen \/ Annahmeverzug \/ Gefahr\u00fcbergang<\/strong><br \/>\u201eTransportsch\u00e4den sowie fehlende Einzelteile (z. B. Griffe oder andere von unseren Lieferanten nachzuliefernde Bestandteile) sind uns unverz\u00fcglich nach Lieferung schriftlich anzuzeigen.<br \/>Die Verpflichtung zur vollst\u00e4ndigen Zahlung des Kaufpreises bleibt hiervon unber\u00fchrt. Ein Zur\u00fcckbehaltungsrecht oder eine K\u00fcrzung des Kaufpreises wegen Transportsch\u00e4den oder fehlender Einzelteile ist ausgeschlossen. Die Nachlieferung oder Beseitigung der M\u00e4ngel erfolgt unentgeltlich und unverz\u00fcglich.\u201c<\/p>\n<p><br \/><strong>\u00a7 7 Eigentumsvorbehalt<\/strong><br \/>Die gelieferte Ware bleibt bis zur vollst\u00e4ndigen Zahlung s\u00e4mtlicher Forderungen Eigentum der W\u00f6sten K\u00fcchendiele GmbH &amp; Co. KG.<\/p>\n<p><br \/><strong>\u00a7 8 Warenr\u00fccknahme<\/strong><br \/>Im Falle eines R\u00fccktritts und\/oder der R\u00fccknahme gelieferter Waren haben wir Anspruch auf Ausgleich entstandener Aufwendungen sowie Wertminderungen entsprechend der gesetzlichen Vorgaben.<\/p>\n<p><br \/><strong>\u00a7 9 Gew\u00e4hrleistung<\/strong><br \/>Wir haften bei Vorliegen eines Mangels nach den gesetzlichen Vorschriften. Keine Haftung \u00fcbernehmen wir f\u00fcr Sch\u00e4den durch unsachgem\u00e4\u00dfe Behandlung, nat\u00fcrliche Abnutzung oder Einwirkungen, f\u00fcr die das Produkt nicht ausgelegt ist.<\/p>\n<p><br \/><strong>\u00a7 10 Haftung<\/strong><br \/>Unsere Haftung ist auf Vorsatz und grobe Fahrl\u00e4ssigkeit beschr\u00e4nkt. F\u00fcr Sch\u00e4den an Leben, K\u00f6rper und Gesundheit gilt dieser Ausschluss nicht.<\/p>\n<p><br \/><strong>\u00a7 11 Erf\u00fcllungsort \/ Vertragssprache \/ Rechtswahl<\/strong><br \/>Erf\u00fcllungsort und Zahlungsort ist unser Gesch\u00e4ftssitz in Haren. Vertragssprache ist Deutsch.Es gilt deutsches Recht. Die EU-Kommission stellt eine Plattform f\u00fcr Online-Streitbeilegung (OS-Plattform)bereit: https:\/\/ec.europa.eu\/consumers\/odr<\/p>\n<p>49733 Haren, Stand Juni 2025<br \/>Allgemeine Gesch\u00e4ftsbedingungen (AGB)<br \/>der W\u00f6sten K\u00fcchendiele GmbH &amp; Co. KG<br \/>Boschstr. 4, 49733 Haren<\/p>\n<p>\u00a0<\/p>\t\t\t\t\t\t\t\t<\/div>\n\t\t\t\t<\/div>\n\t\t\t\t\t<\/div>\n\t\t<\/div>\n\t\t\t\t\t<\/div>\n\t\t<\/section>\n\t\t\t\t<\/div>\n\t\t","protected":false},"excerpt":{"rendered":"<p>Allgemeine Gesch\u00e4ftsbedingungen der W\u00f6sten K\u00fcchendiele GmbH &amp; Co. KGBoschstr. 4, 49733 Haren \u00a7 1 GeltungUnsere Lieferungen, Leistungen und Angebote erfolgen ausschlie\u00dflich aufgrund dieser Allgemeinen Gesch\u00e4ftsbedingungen. Diese sind Bestandteil aller Vertr\u00e4ge, die wir mit unseren Kunden \u00fcber die von uns angebotenen Waren schlie\u00dfen. Unser Verkaufspersonal ist nicht berechtigt, m\u00fcndliche Vereinbarungen mit Kunden im Zusammenhang mit dem [&hellip;]<\/p>\n","protected":false},"author":2,"featured_media":0,"parent":0,"menu_order":0,"comment_status":"closed","ping_status":"closed","template":"","meta":{"_jf_save_progress":"","footnotes":""},"class_list":["post-6378","page","type-page","status-publish","hentry"],"yoast_head":"<!-- This site is optimized with the Yoast SEO plugin v27.5 - https:\/\/yoast.com\/product\/yoast-seo-wordpress\/ -->\n<title>AGB - W\u00f6sten K\u00fcchenstudio<\/title>\n<meta name=\"robots\" content=\"index, follow, max-snippet:-1, max-image-preview:large, max-video-preview:-1\" \/>\n<link rel=\"canonical\" href=\"https:\/\/kuechen-woesten.de\/nl\/agb\/\" \/>\n<meta property=\"og:locale\" content=\"nl_NL\" \/>\n<meta property=\"og:type\" content=\"article\" \/>\n<meta property=\"og:title\" content=\"AGB - W\u00f6sten K\u00fcchenstudio\" \/>\n<meta property=\"og:description\" content=\"Allgemeine Gesch\u00e4ftsbedingungen der W\u00f6sten K\u00fcchendiele GmbH &amp; Co. KGBoschstr. 4, 49733 Haren \u00a7 1 GeltungUnsere Lieferungen, Leistungen und Angebote erfolgen ausschlie\u00dflich aufgrund dieser Allgemeinen Gesch\u00e4ftsbedingungen. Diese sind Bestandteil aller Vertr\u00e4ge, die wir mit unseren Kunden \u00fcber die von uns angebotenen Waren schlie\u00dfen. Unser Verkaufspersonal ist nicht berechtigt, m\u00fcndliche Vereinbarungen mit Kunden im Zusammenhang mit dem [&hellip;]\" \/>\n<meta property=\"og:url\" content=\"https:\/\/kuechen-woesten.de\/nl\/agb\/\" \/>\n<meta property=\"og:site_name\" content=\"W\u00f6sten K\u00fcchenstudio\" \/>\n<meta property=\"article:modified_time\" content=\"2025-09-15T07:00:48+00:00\" \/>\n<meta name=\"twitter:card\" content=\"summary_large_image\" \/>\n<meta name=\"twitter:label1\" content=\"Geschatte leestijd\" \/>\n\t<meta name=\"twitter:data1\" content=\"4 minuten\" \/>\n<script type=\"application\/ld+json\" class=\"yoast-schema-graph\">{\"@context\":\"https:\\\/\\\/schema.org\",\"@graph\":[{\"@type\":\"WebPage\",\"@id\":\"https:\\\/\\\/kuechen-woesten.de\\\/agb\\\/\",\"url\":\"https:\\\/\\\/kuechen-woesten.de\\\/agb\\\/\",\"name\":\"AGB - W\u00f6sten K\u00fcchenstudio\",\"isPartOf\":{\"@id\":\"https:\\\/\\\/kuechen-woesten.de\\\/#website\"},\"datePublished\":\"2025-09-15T06:57:32+00:00\",\"dateModified\":\"2025-09-15T07:00:48+00:00\",\"breadcrumb\":{\"@id\":\"https:\\\/\\\/kuechen-woesten.de\\\/agb\\\/#breadcrumb\"},\"inLanguage\":\"nl-NL\",\"potentialAction\":[{\"@type\":\"ReadAction\",\"target\":[\"https:\\\/\\\/kuechen-woesten.de\\\/agb\\\/\"]}]},{\"@type\":\"BreadcrumbList\",\"@id\":\"https:\\\/\\\/kuechen-woesten.de\\\/agb\\\/#breadcrumb\",\"itemListElement\":[{\"@type\":\"ListItem\",\"position\":1,\"name\":\"Home\",\"item\":\"https:\\\/\\\/kuechen-woesten.de\\\/\"},{\"@type\":\"ListItem\",\"position\":2,\"name\":\"AGB\"}]},{\"@type\":\"WebSite\",\"@id\":\"https:\\\/\\\/kuechen-woesten.de\\\/#website\",\"url\":\"https:\\\/\\\/kuechen-woesten.de\\\/\",\"name\":\"W\u00f6sten K\u00fcchenstudio\",\"description\":\"W\u00f6sten K\u00fcchendiele in Haren-Altenberge bei Meppen\",\"publisher\":{\"@id\":\"https:\\\/\\\/kuechen-woesten.de\\\/#organization\"},\"potentialAction\":[{\"@type\":\"SearchAction\",\"target\":{\"@type\":\"EntryPoint\",\"urlTemplate\":\"https:\\\/\\\/kuechen-woesten.de\\\/?s={search_term_string}\"},\"query-input\":{\"@type\":\"PropertyValueSpecification\",\"valueRequired\":true,\"valueName\":\"search_term_string\"}}],\"inLanguage\":\"nl-NL\"},{\"@type\":\"Organization\",\"@id\":\"https:\\\/\\\/kuechen-woesten.de\\\/#organization\",\"name\":\"W\u00f6sten K\u00fcchenstudio\",\"url\":\"https:\\\/\\\/kuechen-woesten.de\\\/\",\"logo\":{\"@type\":\"ImageObject\",\"inLanguage\":\"nl-NL\",\"@id\":\"https:\\\/\\\/kuechen-woesten.de\\\/#\\\/schema\\\/logo\\\/image\\\/\",\"url\":\"https:\\\/\\\/kuechen-woesten.de\\\/wp-content\\\/uploads\\\/2021\\\/09\\\/Woesten_Logo_web.png\",\"contentUrl\":\"https:\\\/\\\/kuechen-woesten.de\\\/wp-content\\\/uploads\\\/2021\\\/09\\\/Woesten_Logo_web.png\",\"width\":1000,\"height\":605,\"caption\":\"W\u00f6sten K\u00fcchenstudio\"},\"image\":{\"@id\":\"https:\\\/\\\/kuechen-woesten.de\\\/#\\\/schema\\\/logo\\\/image\\\/\"}}]}<\/script>\n<!-- \/ Yoast SEO plugin. -->","yoast_head_json":{"title":"AGB - W\u00f6sten K\u00fcchenstudio","robots":{"index":"index","follow":"follow","max-snippet":"max-snippet:-1","max-image-preview":"max-image-preview:large","max-video-preview":"max-video-preview:-1"},"canonical":"https:\/\/kuechen-woesten.de\/nl\/agb\/","og_locale":"nl_NL","og_type":"article","og_title":"AGB - W\u00f6sten K\u00fcchenstudio","og_description":"Allgemeine Gesch\u00e4ftsbedingungen der W\u00f6sten K\u00fcchendiele GmbH &amp; Co. KGBoschstr. 4, 49733 Haren \u00a7 1 GeltungUnsere Lieferungen, Leistungen und Angebote erfolgen ausschlie\u00dflich aufgrund dieser Allgemeinen Gesch\u00e4ftsbedingungen. Diese sind Bestandteil aller Vertr\u00e4ge, die wir mit unseren Kunden \u00fcber die von uns angebotenen Waren schlie\u00dfen. Unser Verkaufspersonal ist nicht berechtigt, m\u00fcndliche Vereinbarungen mit Kunden im Zusammenhang mit dem [&hellip;]","og_url":"https:\/\/kuechen-woesten.de\/nl\/agb\/","og_site_name":"W\u00f6sten K\u00fcchenstudio","article_modified_time":"2025-09-15T07:00:48+00:00","twitter_card":"summary_large_image","twitter_misc":{"Geschatte leestijd":"4 minuten"},"schema":{"@context":"https:\/\/schema.org","@graph":[{"@type":"WebPage","@id":"https:\/\/kuechen-woesten.de\/agb\/","url":"https:\/\/kuechen-woesten.de\/agb\/","name":"AGB - W\u00f6sten K\u00fcchenstudio","isPartOf":{"@id":"https:\/\/kuechen-woesten.de\/#website"},"datePublished":"2025-09-15T06:57:32+00:00","dateModified":"2025-09-15T07:00:48+00:00","breadcrumb":{"@id":"https:\/\/kuechen-woesten.de\/agb\/#breadcrumb"},"inLanguage":"nl-NL","potentialAction":[{"@type":"ReadAction","target":["https:\/\/kuechen-woesten.de\/agb\/"]}]},{"@type":"BreadcrumbList","@id":"https:\/\/kuechen-woesten.de\/agb\/#breadcrumb","itemListElement":[{"@type":"ListItem","position":1,"name":"Home","item":"https:\/\/kuechen-woesten.de\/"},{"@type":"ListItem","position":2,"name":"AGB"}]},{"@type":"WebSite","@id":"https:\/\/kuechen-woesten.de\/#website","url":"https:\/\/kuechen-woesten.de\/","name":"W\u00f6sten K\u00fcchenstudio","description":"W\u00f6sten K\u00fcchendiele in Haren-Altenberge bei Meppen","publisher":{"@id":"https:\/\/kuechen-woesten.de\/#organization"},"potentialAction":[{"@type":"SearchAction","target":{"@type":"EntryPoint","urlTemplate":"https:\/\/kuechen-woesten.de\/?s={search_term_string}"},"query-input":{"@type":"PropertyValueSpecification","valueRequired":true,"valueName":"search_term_string"}}],"inLanguage":"nl-NL"},{"@type":"Organization","@id":"https:\/\/kuechen-woesten.de\/#organization","name":"W\u00f6sten K\u00fcchenstudio","url":"https:\/\/kuechen-woesten.de\/","logo":{"@type":"ImageObject","inLanguage":"nl-NL","@id":"https:\/\/kuechen-woesten.de\/#\/schema\/logo\/image\/","url":"https:\/\/kuechen-woesten.de\/wp-content\/uploads\/2021\/09\/Woesten_Logo_web.png","contentUrl":"https:\/\/kuechen-woesten.de\/wp-content\/uploads\/2021\/09\/Woesten_Logo_web.png","width":1000,"height":605,"caption":"W\u00f6sten K\u00fcchenstudio"},"image":{"@id":"https:\/\/kuechen-woesten.de\/#\/schema\/logo\/image\/"}}]}},"_links":{"self":[{"href":"https:\/\/kuechen-woesten.de\/nl\/wp-json\/wp\/v2\/pages\/6378","targetHints":{"allow":["GET"]}}],"collection":[{"href":"https:\/\/kuechen-woesten.de\/nl\/wp-json\/wp\/v2\/pages"}],"about":[{"href":"https:\/\/kuechen-woesten.de\/nl\/wp-json\/wp\/v2\/types\/page"}],"author":[{"embeddable":true,"href":"https:\/\/kuechen-woesten.de\/nl\/wp-json\/wp\/v2\/users\/2"}],"replies":[{"embeddable":true,"href":"https:\/\/kuechen-woesten.de\/nl\/wp-json\/wp\/v2\/comments?post=6378"}],"version-history":[{"count":5,"href":"https:\/\/kuechen-woesten.de\/nl\/wp-json\/wp\/v2\/pages\/6378\/revisions"}],"predecessor-version":[{"id":6386,"href":"https:\/\/kuechen-woesten.de\/nl\/wp-json\/wp\/v2\/pages\/6378\/revisions\/6386"}],"wp:attachment":[{"href":"https:\/\/kuechen-woesten.de\/nl\/wp-json\/wp\/v2\/media?parent=6378"}],"curies":[{"name":"wp","href":"https:\/\/api.w.org\/{rel}","templated":true}]}}